{"id":89,"date":"2025-11-29T08:41:07","date_gmt":"2025-11-29T08:41:07","guid":{"rendered":"https:\/\/la-ferme-intention.fr\/?page_id=89"},"modified":"2026-03-20T07:28:11","modified_gmt":"2026-03-20T07:28:11","slug":"nos-huiles","status":"publish","type":"page","link":"https:\/\/la-ferme-intention.fr\/index.php\/page-daccueil\/nos-huiles\/","title":{"rendered":"Nos huiles"},"content":{"rendered":"\n<div class=\"wp-block-buttons is-content-justification-right is-layout-flex wp-container-core-buttons-is-layout-765c4724 wp-block-buttons-is-layout-flex\">\n<div class=\"wp-block-button is-style-outline is-style-outline--1\"><a class=\"wp-block-button__link has-white-color has-text-color has-background has-link-color has-text-align-right wp-element-button\" href=\"https:\/\/la-ferme-intention.fr\/index.php\/nos-vinaigres\/\" style=\"background-color:#9cbe9c\">Nos vinaigres<\/a><\/div>\n<\/div>\n\n\n\n<p class=\"has-text-align-center\">L&rsquo;huile de tournesol que nous avons s\u00e9lectionn\u00e9e est produite \u00e0 Beaufort en Anjou par Beno\u00eet Bourgerie. Confectionn\u00e9e avec des graines tri\u00e9es et press\u00e9es \u00e0 froid, Beno\u00eet en extrait un produit de qualit\u00e9, <strong>100% Bio<\/strong>.<\/p>\n\n\n\n<p class=\"has-text-align-center\">Nos herbes aromatiques proviennent toutes de la ferme. Elles sont cultiv\u00e9es par nos soins toute l\u2019ann\u00e9e, sans additif, ni pesticide et r\u00e9colt\u00e9es en fonction des besoins. Elles sont s\u00e9ch\u00e9es \u00e0 l\u2019abri de la lumi\u00e8re, effeuill\u00e9es et conditionn\u00e9es \u00e0 la main.<\/p>\n\n\n\n<p class=\"has-text-align-center has-text-color has-link-color has-medium-font-size wp-elements-593435e147e90824190c2642cb9dd930\" style=\"color:#86a186\">Nous pouvons vous proposer des huiles de tournesol aromatis\u00e9es <strong>au romarin, aux basilics, KIPIK et \u00e0 la mode Tha\u00ef.<\/strong><\/p>\n\n\n<div class=\"wp-block-image\">\n<figure data-wp-context=\"{&quot;imageId&quot;:&quot;69d27557ab7e6&quot;}\" data-wp-interactive=\"core\/image\" data-wp-key=\"69d27557ab7e6\" class=\"aligncenter size-large wp-lightbox-container\"><img loading=\"lazy\" decoding=\"async\" width=\"724\" height=\"1024\" data-wp-class--hide=\"state.isContentHidden\" data-wp-class--show=\"state.isContentVisible\" data-wp-init=\"callbacks.setButtonStyles\" data-wp-on--click=\"actions.showLightbox\" data-wp-on--load=\"callbacks.setButtonStyles\" data-wp-on-window--resize=\"callbacks.setButtonStyles\" src=\"https:\/\/la-ferme-intention.fr\/wp-content\/uploads\/2025\/11\/fiche-produits-huiles-aromatisees-la-ferme-intention-2-pdf-724x1024.jpg\" alt=\"\" class=\"wp-image-90\"\/><button\n\t\t\tclass=\"lightbox-trigger\"\n\t\t\ttype=\"button\"\n\t\t\taria-haspopup=\"dialog\"\n\t\t\taria-label=\"Agrandir\"\n\t\t\tdata-wp-init=\"callbacks.initTriggerButton\"\n\t\t\tdata-wp-on--click=\"actions.showLightbox\"\n\t\t\tdata-wp-style--right=\"state.imageButtonRight\"\n\t\t\tdata-wp-style--top=\"state.imageButtonTop\"\n\t\t>\n\t\t\t<svg xmlns=\"http:\/\/www.w3.org\/2000\/svg\" width=\"12\" height=\"12\" fill=\"none\" viewBox=\"0 0 12 12\">\n\t\t\t\t<path fill=\"#fff\" d=\"M2 0a2 2 0 0 0-2 2v2h1.5V2a.5.5 0 0 1 .5-.5h2V0H2Zm2 10.5H2a.5.5 0 0 1-.5-.5V8H0v2a2 2 0 0 0 2 2h2v-1.5ZM8 12v-1.5h2a.5.5 0 0 0 .5-.5V8H12v2a2 2 0 0 1-2 2H8Zm2-12a2 2 0 0 1 2 2v2h-1.5V2a.5.5 0 0 0-.5-.5H8V0h2Z\" \/>\n\t\t\t<\/svg>\n\t\t<\/button><\/figure>\n<\/div>\n\n\n<p><\/p>\n","protected":false},"excerpt":{"rendered":"<p>L&rsquo;huile de tournesol que nous avons s\u00e9lectionn\u00e9e est produite \u00e0 Beaufort en Anjou par Beno\u00eet Bourgerie. Confectionn\u00e9e avec des graines tri\u00e9es et press\u00e9es \u00e0 froid, Beno\u00eet en extrait un produit &hellip; <\/p>\n","protected":false},"author":1,"featured_media":0,"parent":8,"menu_order":0,"comment_status":"closed","ping_status":"closed","template":"","meta":{"footnotes":""},"class_list":["post-89","page","type-page","status-publish","hentry"],"_links":{"self":[{"href":"https:\/\/la-ferme-intention.fr\/index.php\/wp-json\/wp\/v2\/pages\/89","targetHints":{"allow":["GET"]}}],"collection":[{"href":"https:\/\/la-ferme-intention.fr\/index.php\/wp-json\/wp\/v2\/pages"}],"about":[{"href":"https:\/\/la-ferme-intention.fr\/index.php\/wp-json\/wp\/v2\/types\/page"}],"author":[{"embeddable":true,"href":"https:\/\/la-ferme-intention.fr\/index.php\/wp-json\/wp\/v2\/users\/1"}],"replies":[{"embeddable":true,"href":"https:\/\/la-ferme-intention.fr\/index.php\/wp-json\/wp\/v2\/comments?post=89"}],"version-history":[{"count":18,"href":"https:\/\/la-ferme-intention.fr\/index.php\/wp-json\/wp\/v2\/pages\/89\/revisions"}],"predecessor-version":[{"id":392,"href":"https:\/\/la-ferme-intention.fr\/index.php\/wp-json\/wp\/v2\/pages\/89\/revisions\/392"}],"up":[{"embeddable":true,"href":"https:\/\/la-ferme-intention.fr\/index.php\/wp-json\/wp\/v2\/pages\/8"}],"wp:attachment":[{"href":"https:\/\/la-ferme-intention.fr\/index.php\/wp-json\/wp\/v2\/media?parent=89"}],"curies":[{"name":"wp","href":"https:\/\/api.w.org\/{rel}","templated":true}]}}