{"id":115,"date":"2026-03-10T08:26:50","date_gmt":"2026-03-10T08:26:50","guid":{"rendered":"https:\/\/la-ferme-intention.fr\/?page_id=115"},"modified":"2026-03-20T07:27:37","modified_gmt":"2026-03-20T07:27:37","slug":"nos-vinaigres","status":"publish","type":"page","link":"https:\/\/la-ferme-intention.fr\/index.php\/page-daccueil\/nos-vinaigres\/","title":{"rendered":"Nos vinaigres"},"content":{"rendered":"\n<div class=\"wp-block-buttons is-content-justification-right is-layout-flex wp-container-core-buttons-is-layout-765c4724 wp-block-buttons-is-layout-flex\">\n<div class=\"wp-block-button is-style-outline is-style-outline--1\"><a class=\"wp-block-button__link has-white-color has-text-color has-background has-link-color wp-element-button\" href=\"https:\/\/la-ferme-intention.fr\/index.php\/nos-huiles\/\" style=\"background-color:#9cbe9c\">Nos huiles<\/a><\/div>\n<\/div>\n\n\n\n<p class=\"has-text-align-center\">Vinaigre produit aux portes de l\u2019Anjou par le GAEC des 2 Saints en Touraine. Depuis 1965, la famille Refour cultive pr\u00e8s de 35 vari\u00e9t\u00e9s de pommes et en extrait un cidre doux, <strong>100% Bio.<\/strong><\/p>\n\n\n\n<p class=\"has-text-align-center\"><br>Herbes aromatiques de la ferme, cultiv\u00e9es toute l\u2019ann\u00e9e sans additif, ni pesticide et r\u00e9colt\u00e9es en fonction des besoins. Elles sont effeuill\u00e9es, tri\u00e9es et mises en mac\u00e9ration manuellement, le jour m\u00eame.<\/p>\n\n\n\n<p class=\"has-text-align-center has-text-color has-link-color has-medium-font-size wp-elements-3a1cc9bcdd5e860cb3a02dfd7bfddf71\" style=\"color:#779177\">Nous pouvons vous proposer, par exemple des vinaigre de cidre aromatis\u00e9s <strong>\u00e0 la menthe, sauge et capucine, \u00e0 l&rsquo;estragon<\/strong>&#8230;<\/p>\n\n\n\n<p><\/p>\n\n\n<div class=\"wp-block-image\">\n<figure data-wp-context=\"{&quot;imageId&quot;:&quot;69d273b0be776&quot;}\" data-wp-interactive=\"core\/image\" data-wp-key=\"69d273b0be776\" class=\"aligncenter size-full wp-lightbox-container\"><img loading=\"lazy\" decoding=\"async\" width=\"605\" height=\"852\" data-wp-class--hide=\"state.isContentHidden\" data-wp-class--show=\"state.isContentVisible\" data-wp-init=\"callbacks.setButtonStyles\" data-wp-on--click=\"actions.showLightbox\" data-wp-on--load=\"callbacks.setButtonStyles\" data-wp-on-window--resize=\"callbacks.setButtonStyles\" src=\"https:\/\/la-ferme-intention.fr\/wp-content\/uploads\/2026\/03\/fiche-produit-vinaigres-aromatises-la-ferme-intention.png\" alt=\"\" class=\"wp-image-124\" srcset=\"https:\/\/la-ferme-intention.fr\/wp-content\/uploads\/2026\/03\/fiche-produit-vinaigres-aromatises-la-ferme-intention.png 605w, https:\/\/la-ferme-intention.fr\/wp-content\/uploads\/2026\/03\/fiche-produit-vinaigres-aromatises-la-ferme-intention-213x300.png 213w\" sizes=\"auto, (max-width: 605px) 100vw, 605px\" \/><button\n\t\t\tclass=\"lightbox-trigger\"\n\t\t\ttype=\"button\"\n\t\t\taria-haspopup=\"dialog\"\n\t\t\taria-label=\"Agrandir\"\n\t\t\tdata-wp-init=\"callbacks.initTriggerButton\"\n\t\t\tdata-wp-on--click=\"actions.showLightbox\"\n\t\t\tdata-wp-style--right=\"state.imageButtonRight\"\n\t\t\tdata-wp-style--top=\"state.imageButtonTop\"\n\t\t>\n\t\t\t<svg xmlns=\"http:\/\/www.w3.org\/2000\/svg\" width=\"12\" height=\"12\" fill=\"none\" viewBox=\"0 0 12 12\">\n\t\t\t\t<path fill=\"#fff\" d=\"M2 0a2 2 0 0 0-2 2v2h1.5V2a.5.5 0 0 1 .5-.5h2V0H2Zm2 10.5H2a.5.5 0 0 1-.5-.5V8H0v2a2 2 0 0 0 2 2h2v-1.5ZM8 12v-1.5h2a.5.5 0 0 0 .5-.5V8H12v2a2 2 0 0 1-2 2H8Zm2-12a2 2 0 0 1 2 2v2h-1.5V2a.5.5 0 0 0-.5-.5H8V0h2Z\" \/>\n\t\t\t<\/svg>\n\t\t<\/button><\/figure>\n<\/div>\n\n\n<p><\/p>\n","protected":false},"excerpt":{"rendered":"<p>Vinaigre produit aux portes de l\u2019Anjou par le GAEC des 2 Saints en Touraine. Depuis 1965, la famille Refour cultive pr\u00e8s de 35 vari\u00e9t\u00e9s de pommes et en extrait un &hellip; <\/p>\n","protected":false},"author":1,"featured_media":0,"parent":8,"menu_order":0,"comment_status":"closed","ping_status":"closed","template":"","meta":{"footnotes":""},"class_list":["post-115","page","type-page","status-publish","hentry"],"_links":{"self":[{"href":"https:\/\/la-ferme-intention.fr\/index.php\/wp-json\/wp\/v2\/pages\/115","targetHints":{"allow":["GET"]}}],"collection":[{"href":"https:\/\/la-ferme-intention.fr\/index.php\/wp-json\/wp\/v2\/pages"}],"about":[{"href":"https:\/\/la-ferme-intention.fr\/index.php\/wp-json\/wp\/v2\/types\/page"}],"author":[{"embeddable":true,"href":"https:\/\/la-ferme-intention.fr\/index.php\/wp-json\/wp\/v2\/users\/1"}],"replies":[{"embeddable":true,"href":"https:\/\/la-ferme-intention.fr\/index.php\/wp-json\/wp\/v2\/comments?post=115"}],"version-history":[{"count":13,"href":"https:\/\/la-ferme-intention.fr\/index.php\/wp-json\/wp\/v2\/pages\/115\/revisions"}],"predecessor-version":[{"id":391,"href":"https:\/\/la-ferme-intention.fr\/index.php\/wp-json\/wp\/v2\/pages\/115\/revisions\/391"}],"up":[{"embeddable":true,"href":"https:\/\/la-ferme-intention.fr\/index.php\/wp-json\/wp\/v2\/pages\/8"}],"wp:attachment":[{"href":"https:\/\/la-ferme-intention.fr\/index.php\/wp-json\/wp\/v2\/media?parent=115"}],"curies":[{"name":"wp","href":"https:\/\/api.w.org\/{rel}","templated":true}]}}